{"id":157,"date":"2024-06-04T06:22:11","date_gmt":"2024-06-04T06:22:11","guid":{"rendered":"https:\/\/ticier.cl\/tdc\/about\/"},"modified":"2026-03-13T19:35:22","modified_gmt":"2026-03-13T19:35:22","slug":"quienes-somos","status":"publish","type":"page","link":"https:\/\/www.tdcla.com\/pt\/quienes-somos\/","title":{"rendered":"Qui\u00e9nes Somos"},"content":{"rendered":"<div data-elementor-type=\"wp-page\" data-elementor-id=\"157\" class=\"elementor elementor-157\" data-elementor-post-type=\"page\">\n\t\t\t\t\t\t<section class=\"elementor-section elementor-top-section elementor-element elementor-element-df60541 elementor-section-full_width elementor-section-height-default elementor-section-height-default\" data-id=\"df60541\" data-element_type=\"section\" data-settings=\"{&quot;background_background&quot;:&quot;classic&quot;}\">\n\t\t\t\t\t\t<div class=\"elementor-container elementor-column-gap-no\">\n\t\t\t\t\t<div class=\"aux-parallax-section elementor-column elementor-col-100 elementor-top-column elementor-element elementor-element-a39d98a\" data-id=\"a39d98a\" data-element_type=\"column\">\n\t\t\t<div class=\"elementor-widget-wrap elementor-element-populated\">\n\t\t\t\t\t\t<section class=\"elementor-section elementor-inner-section elementor-element elementor-element-fa7a8bd elementor-section-content-middle elementor-section-boxed elementor-section-height-default elementor-section-height-default\" data-id=\"fa7a8bd\" data-element_type=\"section\">\n\t\t\t\t\t\t<div class=\"elementor-container elementor-column-gap-no\">\n\t\t\t\t\t<div class=\"aux-parallax-section elementor-column elementor-col-50 elementor-inner-column elementor-element elementor-element-1a5577a\" data-id=\"1a5577a\" data-element_type=\"column\">\n\t\t\t<div class=\"elementor-widget-wrap elementor-element-populated\">\n\t\t\t\t\t\t<div class=\"elementor-element elementor-element-362ed02 aux-appear-watch-animation aux-scale-up elementor-widget elementor-widget-aux_modern_heading\" data-id=\"362ed02\" data-element_type=\"widget\" data-widget_type=\"aux_modern_heading.default\">\n\t\t\t\t<div class=\"elementor-widget-container\">\n\t\t\t<section class=\"aux-widget-modern-heading\">\n            <div class=\"aux-widget-inner\"><h5 class=\"aux-modern-heading-primary\"><\/h5><div class=\"aux-modern-heading-description\"><p>En <strong>TDC<\/strong> buscamos ser el apoyo que nuestros clientes necesitan para desarrollar e implementar las herramientas de capacitaci\u00f3n que les permitir\u00e1n <strong>alcanzar sus metas de negocios<\/strong> y <strong>desarrollo humano.<\/strong><\/p><\/div><\/div>\n        <\/section>\t\t<\/div>\n\t\t\t\t<\/div>\n\t\t\t\t\t<\/div>\n\t\t<\/div>\n\t\t\t\t<div class=\"aux-parallax-section elementor-column elementor-col-50 elementor-inner-column elementor-element elementor-element-fafdd44 elementor-hidden-tablet elementor-hidden-mobile\" data-id=\"fafdd44\" data-element_type=\"column\">\n\t\t\t<div class=\"elementor-widget-wrap elementor-element-populated\">\n\t\t\t\t\t\t<div class=\"aux-scroll-anim elementor-element elementor-element-2ad0432 elementor-widget__width-auto elementor-widget elementor-widget-aux_image\" data-move-in=\"\" data-move-out=\"moveVertical\" data-axis-x=\"0\" data-axis-y=\"50\" data-rotate=\"0\" data-scale=\"1\" data-vp-top=\"0.5\" data-vp-bot=\"0.5\" data-el-top=\"0.2\" data-scroll-animation-off=\"1024\" data-id=\"2ad0432\" data-element_type=\"widget\" data-widget_type=\"aux_image.default\">\n\t\t\t\t<div class=\"elementor-widget-container\">\n\t\t\t<section class=\"widget-container aux-widget-image aux-alignnone aux-parent-au4a883697\">\n    <div class=\"aux-media-hint-frame\">\n        <div class=\"aux-media-image\" >\n        \n            \n\n            \n            <img decoding=\"async\" width=\"70\" height=\"89\" src=\"https:\/\/www.tdcla.com\/wp-content\/uploads\/2024\/09\/04-qs-40x51.png\" class=\"aux-attachment aux-featured-image aux-attachment-id-533 aux-preload aux-has-preview\" alt=\"04-qs\" data-ratio=\"0.79\" data-original-w=\"70\" data-src=\"https:\/\/www.tdcla.com\/wp-content\/uploads\/2024\/09\/04-qs.png\" \/>            \n                <\/div>\n    <\/div>\n\n<\/section><!-- widget-container -->\t\t<\/div>\n\t\t\t\t<\/div>\n\t\t\t\t<div class=\"aux-scroll-anim elementor-element elementor-element-fbe23ef elementor-widget__width-auto elementor-widget elementor-widget-aux_image\" data-move-in=\"\" data-move-out=\"moveVertical\" data-axis-x=\"0\" data-axis-y=\"50\" data-rotate=\"0\" data-scale=\"1\" data-vp-top=\"0.5\" data-vp-bot=\"0.5\" data-el-top=\"0.2\" data-scroll-animation-off=\"1024\" data-id=\"fbe23ef\" data-element_type=\"widget\" data-widget_type=\"aux_image.default\">\n\t\t\t\t<div class=\"elementor-widget-container\">\n\t\t\t<section class=\"widget-container aux-widget-image aux-alignnone aux-parent-au67c08179\">\n    <div class=\"aux-media-hint-frame\">\n        <div class=\"aux-media-image\" >\n        \n            \n\n            \n            <img decoding=\"async\" width=\"104\" height=\"73\" src=\"https:\/\/www.tdcla.com\/wp-content\/uploads\/2024\/09\/02-qs-40x28.png\" class=\"aux-attachment aux-featured-image aux-attachment-id-531 aux-preload aux-has-preview\" alt=\"02-qs\" data-ratio=\"1.42\" data-original-w=\"104\" data-src=\"https:\/\/www.tdcla.com\/wp-content\/uploads\/2024\/09\/02-qs.png\" \/>            \n                <\/div>\n    <\/div>\n\n<\/section><!-- widget-container -->\t\t<\/div>\n\t\t\t\t<\/div>\n\t\t\t\t<div class=\"aux-scroll-anim elementor-element elementor-element-108ed0e elementor-widget__width-auto elementor-widget elementor-widget-aux_image\" data-move-in=\"\" data-move-out=\"moveVertical\" data-axis-x=\"0\" data-axis-y=\"50\" data-rotate=\"\" data-scale=\"1\" data-vp-top=\"0.5\" data-vp-bot=\"0.5\" data-el-top=\"0\" data-scroll-animation-off=\"1024\" data-id=\"108ed0e\" data-element_type=\"widget\" data-widget_type=\"aux_image.default\">\n\t\t\t\t<div class=\"elementor-widget-container\">\n\t\t\t<section class=\"widget-container aux-widget-image aux-alignnone aux-parent-au92ad1926\">\n    <div class=\"aux-media-hint-frame\">\n        <div class=\"aux-media-image\" >\n        \n            \n\n            \n            <img decoding=\"async\" width=\"103\" height=\"73\" src=\"https:\/\/www.tdcla.com\/wp-content\/uploads\/2024\/09\/03-qs-40x28.png\" class=\"aux-attachment aux-featured-image aux-attachment-id-532 aux-preload aux-has-preview\" alt=\"03-qs\" data-ratio=\"1.41\" data-original-w=\"103\" data-src=\"https:\/\/www.tdcla.com\/wp-content\/uploads\/2024\/09\/03-qs.png\" \/>            \n                <\/div>\n    <\/div>\n\n<\/section><!-- widget-container -->\t\t<\/div>\n\t\t\t\t<\/div>\n\t\t\t\t<div class=\"aux-scroll-anim elementor-element elementor-element-7900eac elementor-widget__width-auto aux-appear-watch-animation aux-fade-in-right-2 elementor-widget elementor-widget-aux_image\" data-move-in=\"\" data-move-out=\"moveHorizontal\" data-axis-x=\"60\" data-axis-y=\"200\" data-rotate=\"90\" data-scale=\"1\" data-vp-top=\"0.5\" data-vp-bot=\"0.5\" data-el-top=\"0.2\" data-scroll-animation-off=\"1024\" data-id=\"7900eac\" data-element_type=\"widget\" data-widget_type=\"aux_image.default\">\n\t\t\t\t<div class=\"elementor-widget-container\">\n\t\t\t<section class=\"widget-container aux-widget-image aux-alignnone aux-parent-au4057ebe9\">\n    <div class=\"aux-media-hint-frame\">\n        <div class=\"aux-media-image\" >\n        \n            \n\n            \n            <img loading=\"lazy\" decoding=\"async\" width=\"588\" height=\"324\" src=\"https:\/\/www.tdcla.com\/wp-content\/uploads\/2024\/09\/01-qs-40x22.png\" class=\"aux-attachment aux-featured-image aux-attachment-id-529 aux-preload aux-has-preview\" alt=\"01-qs\" data-ratio=\"1.81\" data-original-w=\"588\" data-src=\"https:\/\/www.tdcla.com\/wp-content\/uploads\/2024\/09\/01-qs.png\" \/>            \n                <\/div>\n    <\/div>\n\n<\/section><!-- widget-container -->\t\t<\/div>\n\t\t\t\t<\/div>\n\t\t\t\t\t<\/div>\n\t\t<\/div>\n\t\t\t\t\t<\/div>\n\t\t<\/section>\n\t\t\t\t\t<\/div>\n\t\t<\/div>\n\t\t\t\t\t<\/div>\n\t\t<\/section>\n\t\t\t\t<section class=\"elementor-section elementor-top-section elementor-element elementor-element-ef84753 elementor-section-boxed elementor-section-height-default elementor-section-height-default\" data-id=\"ef84753\" data-element_type=\"section\" data-settings=\"{&quot;background_background&quot;:&quot;classic&quot;}\">\n\t\t\t\t\t\t<div class=\"elementor-container elementor-column-gap-no\">\n\t\t\t\t\t<div class=\"aux-parallax-section elementor-column elementor-col-100 elementor-top-column elementor-element elementor-element-329c7f0\" data-id=\"329c7f0\" data-element_type=\"column\">\n\t\t\t<div class=\"elementor-widget-wrap elementor-element-populated\">\n\t\t\t\t\t\t<div class=\"elementor-element elementor-element-07af301 aux-appear-watch-animation aux-scale-down elementor-widget elementor-widget-aux_modern_heading\" data-id=\"07af301\" data-element_type=\"widget\" data-widget_type=\"aux_modern_heading.default\">\n\t\t\t\t<div class=\"elementor-widget-container\">\n\t\t\t<section class=\"aux-widget-modern-heading\">\n            <div class=\"aux-widget-inner\"><h5 class=\"aux-modern-heading-primary\">Tecnolog\u00edas del Conocimiento<\/h5><h3 class=\"aux-modern-heading-secondary\"><span class=\"aux-head-highlight\">Nuestra Historia<\/span><\/h3><div class=\"aux-modern-heading-divider\"><\/div><\/div>\n        <\/section>\t\t<\/div>\n\t\t\t\t<\/div>\n\t\t\t\t\t<\/div>\n\t\t<\/div>\n\t\t\t\t\t<\/div>\n\t\t<\/section>\n\t\t\t\t<section class=\"elementor-section elementor-top-section elementor-element elementor-element-475ed44 elementor-section-boxed elementor-section-height-default elementor-section-height-default\" data-id=\"475ed44\" data-element_type=\"section\" data-settings=\"{&quot;background_background&quot;:&quot;classic&quot;}\">\n\t\t\t\t\t\t<div class=\"elementor-container elementor-column-gap-default\">\n\t\t\t\t\t<div class=\"aux-parallax-section elementor-column elementor-col-100 elementor-top-column elementor-element elementor-element-a5789be\" data-id=\"a5789be\" data-element_type=\"column\">\n\t\t\t<div class=\"elementor-widget-wrap elementor-element-populated\">\n\t\t\t\t\t\t<section class=\"elementor-section elementor-inner-section elementor-element elementor-element-ce281bf elementor-section-boxed elementor-section-height-default elementor-section-height-default\" data-id=\"ce281bf\" data-element_type=\"section\">\n\t\t\t\t\t\t<div class=\"elementor-container elementor-column-gap-default\">\n\t\t\t\t\t<div class=\"aux-parallax-section elementor-column elementor-col-100 elementor-inner-column elementor-element elementor-element-c41688b circulo aux-appear-watch-animation aux-fade-in-up\" data-id=\"c41688b\" data-element_type=\"column\">\n\t\t\t<div class=\"elementor-widget-wrap elementor-element-populated\">\n\t\t\t\t\t\t<div class=\"elementor-element elementor-element-c7c4ef5 elementor-widget elementor-widget-aux_modern_heading\" data-id=\"c7c4ef5\" data-element_type=\"widget\" data-widget_type=\"aux_modern_heading.default\">\n\t\t\t\t<div class=\"elementor-widget-container\">\n\t\t\t<section class=\"aux-widget-modern-heading\">\n            <div class=\"aux-widget-inner\"><h6 class=\"aux-modern-heading-primary\">a\u00f1o<\/h6><div class=\"aux-modern-heading-description\"><p>2001<\/p><\/div><\/div>\n        <\/section>\t\t<\/div>\n\t\t\t\t<\/div>\n\t\t\t\t\t<\/div>\n\t\t<\/div>\n\t\t\t\t\t<\/div>\n\t\t<\/section>\n\t\t\t\t<div class=\"elementor-element elementor-element-3a1b9d7 aux-appear-watch-animation aux-fade-in-up elementor-view-default elementor-widget elementor-widget-aux_icon\" data-id=\"3a1b9d7\" data-element_type=\"widget\" data-widget_type=\"aux_icon.default\">\n\t\t\t\t<div class=\"elementor-widget-container\">\n\t\t\t        <div class=\"elementor-icon-wrapper\">\n            <div class=\"elementor-icon\"> \n                <i aria-hidden=\"true\" class=\"auxicon2 auxicon2-arrow-chevron-fat-down\"><\/i>            <\/div>\n        <\/div>\n        \t\t<\/div>\n\t\t\t\t<\/div>\n\t\t\t\t<div class=\"elementor-element elementor-element-413a921 elementor-widget__width-initial aux-appear-watch-animation aux-slide-from-bot elementor-widget elementor-widget-text-editor\" data-id=\"413a921\" data-element_type=\"widget\" data-widget_type=\"text-editor.default\">\n\t\t\t\t<div class=\"elementor-widget-container\">\n\t\t\t\t\t\t\t<p><strong>Tecnolog\u00edas del Conocimiento<\/strong> nace el a\u00f1o 2001 como parte de un proyecto de desarrollo de e-Learning de una consultora de nivel nacional.<\/p>\t\t\t\t\t\t<\/div>\n\t\t\t\t<\/div>\n\t\t\t\t\t<\/div>\n\t\t<\/div>\n\t\t\t\t\t<\/div>\n\t\t<\/section>\n\t\t\t\t<section class=\"elementor-section elementor-top-section elementor-element elementor-element-745a89e elementor-section-boxed elementor-section-height-default elementor-section-height-default\" data-id=\"745a89e\" data-element_type=\"section\" data-settings=\"{&quot;background_background&quot;:&quot;classic&quot;}\">\n\t\t\t\t\t\t<div class=\"elementor-container elementor-column-gap-default\">\n\t\t\t\t\t<div class=\"aux-parallax-section elementor-column elementor-col-100 elementor-top-column elementor-element elementor-element-ecdb44f\" data-id=\"ecdb44f\" data-element_type=\"column\">\n\t\t\t<div class=\"elementor-widget-wrap elementor-element-populated\">\n\t\t\t\t\t\t<section class=\"elementor-section elementor-inner-section elementor-element elementor-element-69b2b2e elementor-section-boxed elementor-section-height-default elementor-section-height-default\" data-id=\"69b2b2e\" data-element_type=\"section\">\n\t\t\t\t\t\t<div class=\"elementor-container elementor-column-gap-default\">\n\t\t\t\t\t<div class=\"aux-parallax-section elementor-column elementor-col-100 elementor-inner-column elementor-element elementor-element-0024f53 circulo aux-appear-watch-animation aux-fade-in-up\" data-id=\"0024f53\" data-element_type=\"column\">\n\t\t\t<div class=\"elementor-widget-wrap elementor-element-populated\">\n\t\t\t\t\t\t<div class=\"elementor-element elementor-element-1f2ff42 elementor-widget elementor-widget-aux_modern_heading\" data-id=\"1f2ff42\" data-element_type=\"widget\" data-widget_type=\"aux_modern_heading.default\">\n\t\t\t\t<div class=\"elementor-widget-container\">\n\t\t\t<section class=\"aux-widget-modern-heading\">\n            <div class=\"aux-widget-inner\"><h6 class=\"aux-modern-heading-primary\">a\u00f1o<\/h6><div class=\"aux-modern-heading-description\"><p>2004<\/p><\/div><\/div>\n        <\/section>\t\t<\/div>\n\t\t\t\t<\/div>\n\t\t\t\t\t<\/div>\n\t\t<\/div>\n\t\t\t\t\t<\/div>\n\t\t<\/section>\n\t\t\t\t<div class=\"elementor-element elementor-element-875f5b4 aux-appear-watch-animation aux-fade-in-up elementor-view-default elementor-widget elementor-widget-aux_icon\" data-id=\"875f5b4\" data-element_type=\"widget\" data-widget_type=\"aux_icon.default\">\n\t\t\t\t<div class=\"elementor-widget-container\">\n\t\t\t        <div class=\"elementor-icon-wrapper\">\n            <div class=\"elementor-icon\"> \n                <i aria-hidden=\"true\" class=\"auxicon2 auxicon2-arrow-chevron-fat-down\"><\/i>            <\/div>\n        <\/div>\n        \t\t<\/div>\n\t\t\t\t<\/div>\n\t\t\t\t<div class=\"elementor-element elementor-element-76757cd elementor-widget__width-initial aux-appear-watch-animation aux-slide-from-bot elementor-widget elementor-widget-text-editor\" data-id=\"76757cd\" data-element_type=\"widget\" data-widget_type=\"text-editor.default\">\n\t\t\t\t<div class=\"elementor-widget-container\">\n\t\t\t\t\t\t\t<p>El a\u00f1o 2004 el equipo migra de la consultora madre y se configura como unidad de negocios independiente dentro de un grupo de empresas asociadas a una prestigiosa universidad Chilena, desarrollando tanto actividades hacia dentro de la universidad, implantaci\u00f3n de plataforma de aprendizaje para la Escuela de Econom\u00eda; como hacia fuera, prestando servicios a grandes empresas y desarrollando el modelo de Universidad Corporativa para la Banca y servicios a medida para diferentes sectores empresariales.<\/p>\t\t\t\t\t\t<\/div>\n\t\t\t\t<\/div>\n\t\t\t\t\t<\/div>\n\t\t<\/div>\n\t\t\t\t\t<\/div>\n\t\t<\/section>\n\t\t\t\t<section class=\"elementor-section elementor-top-section elementor-element elementor-element-ce9bef5 elementor-section-boxed elementor-section-height-default elementor-section-height-default\" data-id=\"ce9bef5\" data-element_type=\"section\" data-settings=\"{&quot;background_background&quot;:&quot;classic&quot;}\">\n\t\t\t\t\t\t<div class=\"elementor-container elementor-column-gap-default\">\n\t\t\t\t\t<div class=\"aux-parallax-section elementor-column elementor-col-100 elementor-top-column elementor-element elementor-element-8301891\" data-id=\"8301891\" data-element_type=\"column\">\n\t\t\t<div class=\"elementor-widget-wrap elementor-element-populated\">\n\t\t\t\t\t\t<section class=\"elementor-section elementor-inner-section elementor-element elementor-element-0f19987 elementor-section-boxed elementor-section-height-default elementor-section-height-default\" data-id=\"0f19987\" data-element_type=\"section\">\n\t\t\t\t\t\t<div class=\"elementor-container elementor-column-gap-default\">\n\t\t\t\t\t<div class=\"aux-parallax-section elementor-column elementor-col-100 elementor-inner-column elementor-element elementor-element-03dcd92 circulo aux-appear-watch-animation aux-fade-in-up\" data-id=\"03dcd92\" data-element_type=\"column\">\n\t\t\t<div class=\"elementor-widget-wrap elementor-element-populated\">\n\t\t\t\t\t\t<div class=\"elementor-element elementor-element-b07918f elementor-widget elementor-widget-aux_modern_heading\" data-id=\"b07918f\" data-element_type=\"widget\" data-widget_type=\"aux_modern_heading.default\">\n\t\t\t\t<div class=\"elementor-widget-container\">\n\t\t\t<section class=\"aux-widget-modern-heading\">\n            <div class=\"aux-widget-inner\"><h6 class=\"aux-modern-heading-primary\">a\u00f1o<\/h6><div class=\"aux-modern-heading-description\"><p>2005<\/p><\/div><\/div>\n        <\/section>\t\t<\/div>\n\t\t\t\t<\/div>\n\t\t\t\t\t<\/div>\n\t\t<\/div>\n\t\t\t\t\t<\/div>\n\t\t<\/section>\n\t\t\t\t<div class=\"elementor-element elementor-element-83aa8c5 aux-appear-watch-animation aux-fade-in-up elementor-view-default elementor-widget elementor-widget-aux_icon\" data-id=\"83aa8c5\" data-element_type=\"widget\" data-widget_type=\"aux_icon.default\">\n\t\t\t\t<div class=\"elementor-widget-container\">\n\t\t\t        <div class=\"elementor-icon-wrapper\">\n            <div class=\"elementor-icon\"> \n                <i aria-hidden=\"true\" class=\"auxicon2 auxicon2-arrow-chevron-fat-down\"><\/i>            <\/div>\n        <\/div>\n        \t\t<\/div>\n\t\t\t\t<\/div>\n\t\t\t\t<div class=\"elementor-element elementor-element-4f4a4f0 elementor-widget__width-initial aux-appear-watch-animation aux-slide-from-bot elementor-widget elementor-widget-text-editor\" data-id=\"4f4a4f0\" data-element_type=\"widget\" data-widget_type=\"text-editor.default\">\n\t\t\t\t<div class=\"elementor-widget-container\">\n\t\t\t\t\t\t\t<p>En el a\u00f1o 2005 el equipo se vuelve <strong>totalmente aut\u00f3nomo<\/strong>, se constituye legalmente como empresa, manteniendo el nombre de la unidad de negocios original.<\/p>\t\t\t\t\t\t<\/div>\n\t\t\t\t<\/div>\n\t\t\t\t<div class=\"elementor-element elementor-element-b7443f4 elementor-widget__width-initial aux-appear-watch-animation aux-slide-from-bot elementor-widget elementor-widget-text-editor\" data-id=\"b7443f4\" data-element_type=\"widget\" data-widget_type=\"text-editor.default\">\n\t\t\t\t<div class=\"elementor-widget-container\">\n\t\t\t\t\t\t\t<p>Desde este momento comienza el desarrollo de TDC como una empresa que apunta a Latinoam\u00e9rica, definiendo su modelo de servicios como una suite de herramientas que se combinan para dar soluciones a la medida de las necesidades de cada organizaci\u00f3n con la que TDC se relaciona.<\/p><p>Uno de los principales lineamientos de estos momentos iniciales es desarrollar inteligencia propia, plante\u00e1ndose un modelo de crecimiento en base al desarrollo del equipo interno, diferenci\u00e1ndose de la competencia que externaliza gran parte de su producci\u00f3n.<\/p>\t\t\t\t\t\t<\/div>\n\t\t\t\t<\/div>\n\t\t\t\t\t<\/div>\n\t\t<\/div>\n\t\t\t\t\t<\/div>\n\t\t<\/section>\n\t\t\t\t<section class=\"elementor-section elementor-top-section elementor-element elementor-element-6fe6003 elementor-section-boxed elementor-section-height-default elementor-section-height-default\" data-id=\"6fe6003\" data-element_type=\"section\" data-settings=\"{&quot;background_background&quot;:&quot;classic&quot;}\">\n\t\t\t\t\t\t<div class=\"elementor-container elementor-column-gap-default\">\n\t\t\t\t\t<div class=\"aux-parallax-section elementor-column elementor-col-100 elementor-top-column elementor-element elementor-element-8352cd6\" data-id=\"8352cd6\" data-element_type=\"column\">\n\t\t\t<div class=\"elementor-widget-wrap elementor-element-populated\">\n\t\t\t\t\t\t<section class=\"elementor-section elementor-inner-section elementor-element elementor-element-f4bcb80 elementor-section-boxed elementor-section-height-default elementor-section-height-default\" data-id=\"f4bcb80\" data-element_type=\"section\">\n\t\t\t\t\t\t<div class=\"elementor-container elementor-column-gap-default\">\n\t\t\t\t\t<div class=\"aux-parallax-section elementor-column elementor-col-100 elementor-inner-column elementor-element elementor-element-df87d99 circulo aux-appear-watch-animation aux-fade-in-up\" data-id=\"df87d99\" data-element_type=\"column\">\n\t\t\t<div class=\"elementor-widget-wrap elementor-element-populated\">\n\t\t\t\t\t\t<div class=\"elementor-element elementor-element-e84dbc9 elementor-widget elementor-widget-aux_modern_heading\" data-id=\"e84dbc9\" data-element_type=\"widget\" data-widget_type=\"aux_modern_heading.default\">\n\t\t\t\t<div class=\"elementor-widget-container\">\n\t\t\t<section class=\"aux-widget-modern-heading\">\n            <div class=\"aux-widget-inner\"><h6 class=\"aux-modern-heading-primary\">a\u00f1o<\/h6><div class=\"aux-modern-heading-description\"><p>2011<\/p><\/div><\/div>\n        <\/section>\t\t<\/div>\n\t\t\t\t<\/div>\n\t\t\t\t\t<\/div>\n\t\t<\/div>\n\t\t\t\t\t<\/div>\n\t\t<\/section>\n\t\t\t\t<div class=\"elementor-element elementor-element-d156499 aux-appear-watch-animation aux-fade-in-up elementor-view-default elementor-widget elementor-widget-aux_icon\" data-id=\"d156499\" data-element_type=\"widget\" data-widget_type=\"aux_icon.default\">\n\t\t\t\t<div class=\"elementor-widget-container\">\n\t\t\t        <div class=\"elementor-icon-wrapper\">\n            <div class=\"elementor-icon\"> \n                <i aria-hidden=\"true\" class=\"auxicon2 auxicon2-arrow-chevron-fat-down\"><\/i>            <\/div>\n        <\/div>\n        \t\t<\/div>\n\t\t\t\t<\/div>\n\t\t\t\t<div class=\"elementor-element elementor-element-05a71a4 elementor-widget__width-initial aux-appear-watch-animation aux-slide-from-bot elementor-widget elementor-widget-text-editor\" data-id=\"05a71a4\" data-element_type=\"widget\" data-widget_type=\"text-editor.default\">\n\t\t\t\t<div class=\"elementor-widget-container\">\n\t\t\t\t\t\t\t<p>El a\u00f1o 2011 integramos una nueva \u00e1rea a nuestro trabajo, al incorporar la franquicia de <strong>Dale Carnegie<\/strong> para Chile, empresa que lleva m\u00e1s de 100 a\u00f1os entrenando a profesionales en el desarrollo de habilidades como comunicaci\u00f3n, liderazgo, ventas y presentaciones, entre otros; convirti\u00e9ndonos as\u00ed en un holding dedicado a la capacitaci\u00f3n y el entrenamiento.<\/p>\t\t\t\t\t\t<\/div>\n\t\t\t\t<\/div>\n\t\t\t\t<div class=\"elementor-element elementor-element-1c3a6b0 elementor-widget__width-initial aux-appear-watch-animation aux-slide-from-bot elementor-widget elementor-widget-text-editor\" data-id=\"1c3a6b0\" data-element_type=\"widget\" data-widget_type=\"text-editor.default\">\n\t\t\t\t<div class=\"elementor-widget-container\">\n\t\t\t\t\t\t\t<p>Actualmente, en nuestros cursos presenciales tenemos m\u00e1s de <strong>1.200 graduados al a\u00f1o<\/strong> y por nuestras aulas virtuales pasan m\u00e1s de <strong>60.000 alumnos anuales<\/strong>.<\/p>\t\t\t\t\t\t<\/div>\n\t\t\t\t<\/div>\n\t\t\t\t\t<\/div>\n\t\t<\/div>\n\t\t\t\t\t<\/div>\n\t\t<\/section>\n\t\t\t\t<\/div>","protected":false},"excerpt":{"rendered":"<p>En TDC buscamos ser el apoyo que nuestros clientes necesitan para desarrollar e implementar las herramientas de capacitaci\u00f3n que les permitir\u00e1n alcanzar sus metas de negocios y desarrollo humano. Tecnolog\u00edas del Conocimiento Nuestra Historia a\u00f1o 2001 Tecnolog\u00edas del Conocimiento nace el a\u00f1o 2001 como parte de un proyecto de desarrollo de e-Learning de una consultora [&hellip;]<\/p>","protected":false},"author":1,"featured_media":0,"parent":0,"menu_order":0,"comment_status":"closed","ping_status":"closed","template":"","meta":{"footnotes":""},"class_list":["post-157","page","type-page","status-publish","hentry"],"_links":{"self":[{"href":"https:\/\/www.tdcla.com\/pt\/wp-json\/wp\/v2\/pages\/157"}],"collection":[{"href":"https:\/\/www.tdcla.com\/pt\/wp-json\/wp\/v2\/pages"}],"about":[{"href":"https:\/\/www.tdcla.com\/pt\/wp-json\/wp\/v2\/types\/page"}],"author":[{"embeddable":true,"href":"https:\/\/www.tdcla.com\/pt\/wp-json\/wp\/v2\/users\/1"}],"replies":[{"embeddable":true,"href":"https:\/\/www.tdcla.com\/pt\/wp-json\/wp\/v2\/comments?post=157"}],"version-history":[{"count":44,"href":"https:\/\/www.tdcla.com\/pt\/wp-json\/wp\/v2\/pages\/157\/revisions"}],"predecessor-version":[{"id":925,"href":"https:\/\/www.tdcla.com\/pt\/wp-json\/wp\/v2\/pages\/157\/revisions\/925"}],"wp:attachment":[{"href":"https:\/\/www.tdcla.com\/pt\/wp-json\/wp\/v2\/media?parent=157"}],"curies":[{"name":"wp","href":"https:\/\/api.w.org\/{rel}","templated":true}]}}