{"id":829,"date":"2024-09-09T14:51:32","date_gmt":"2024-09-09T14:51:32","guid":{"rendered":"https:\/\/ticier.cl\/tdc\/?page_id=829"},"modified":"2024-09-09T15:05:12","modified_gmt":"2024-09-09T15:05:12","slug":"convenio-corfo-2","status":"publish","type":"page","link":"https:\/\/www.tdcla.com\/pt\/convenio-corfo-2\/","title":{"rendered":"Convenio Corfo"},"content":{"rendered":"<div data-elementor-type=\"wp-page\" data-elementor-id=\"829\" class=\"elementor elementor-829\" data-elementor-post-type=\"page\">\n\t\t\t\t\t\t<section class=\"elementor-section elementor-top-section elementor-element elementor-element-df60541 elementor-section-full_width elementor-section-height-default elementor-section-height-default\" data-id=\"df60541\" data-element_type=\"section\" data-settings=\"{&quot;background_background&quot;:&quot;classic&quot;}\">\n\t\t\t\t\t\t<div class=\"elementor-container elementor-column-gap-no\">\n\t\t\t\t\t<div class=\"aux-parallax-section elementor-column elementor-col-100 elementor-top-column elementor-element elementor-element-a39d98a\" data-id=\"a39d98a\" data-element_type=\"column\">\n\t\t\t<div class=\"elementor-widget-wrap elementor-element-populated\">\n\t\t\t\t\t\t<section class=\"elementor-section elementor-inner-section elementor-element elementor-element-fa7a8bd elementor-section-content-middle elementor-section-boxed elementor-section-height-default elementor-section-height-default\" data-id=\"fa7a8bd\" data-element_type=\"section\">\n\t\t\t\t\t\t<div class=\"elementor-container elementor-column-gap-no\">\n\t\t\t\t\t<div class=\"aux-parallax-section elementor-column elementor-col-100 elementor-inner-column elementor-element elementor-element-1a5577a\" data-id=\"1a5577a\" data-element_type=\"column\">\n\t\t\t<div class=\"elementor-widget-wrap elementor-element-populated\">\n\t\t\t\t\t\t<div class=\"elementor-element elementor-element-362ed02 aux-appear-watch-animation aux-scale-up elementor-widget elementor-widget-aux_modern_heading\" data-id=\"362ed02\" data-element_type=\"widget\" data-widget_type=\"aux_modern_heading.default\">\n\t\t\t\t<div class=\"elementor-widget-container\">\n\t\t\t<section class=\"aux-widget-modern-heading\">\n            <div class=\"aux-widget-inner\"><h5 class=\"aux-modern-heading-primary\">Tecnolog\u00edas del Conocimiento Capacitaci\u00f3n S.A.<\/h5><div class=\"aux-modern-heading-description\"><p>Convenio <strong>CORFO<\/strong><\/p><\/div><\/div>\n        <\/section>\t\t<\/div>\n\t\t\t\t<\/div>\n\t\t\t\t\t<\/div>\n\t\t<\/div>\n\t\t\t\t\t<\/div>\n\t\t<\/section>\n\t\t\t\t\t<\/div>\n\t\t<\/div>\n\t\t\t\t\t<\/div>\n\t\t<\/section>\n\t\t\t\t<section class=\"elementor-section elementor-top-section elementor-element elementor-element-ef84753 elementor-section-boxed elementor-section-height-default elementor-section-height-default\" data-id=\"ef84753\" data-element_type=\"section\" data-settings=\"{&quot;background_background&quot;:&quot;classic&quot;}\">\n\t\t\t\t\t\t<div class=\"elementor-container elementor-column-gap-no\">\n\t\t\t\t\t<div class=\"aux-parallax-section elementor-column elementor-col-100 elementor-top-column elementor-element elementor-element-329c7f0\" data-id=\"329c7f0\" data-element_type=\"column\">\n\t\t\t<div class=\"elementor-widget-wrap elementor-element-populated\">\n\t\t\t\t\t\t<div class=\"elementor-element elementor-element-07af301 aux-appear-watch-animation aux-scale-down elementor-widget elementor-widget-aux_modern_heading\" data-id=\"07af301\" data-element_type=\"widget\" data-widget_type=\"aux_modern_heading.default\">\n\t\t\t\t<div class=\"elementor-widget-container\">\n\t\t\t<section class=\"aux-widget-modern-heading\">\n            <div class=\"aux-widget-inner\"><h5 class=\"aux-modern-heading-primary\">Proyecto<\/h5><h3 class=\"aux-modern-heading-secondary\"><span class=\"aux-head-highlight\">Reverso: Plataforma multiusuario y multientornos para experiencia de Realidad Virtual<\/span><\/h3><div class=\"aux-modern-heading-divider\"><\/div><div class=\"aux-modern-heading-description\"><p>C\u00f3digo <strong>23CVI2-251759<\/strong><\/p><\/div><\/div>\n        <\/section>\t\t<\/div>\n\t\t\t\t<\/div>\n\t\t\t\t\t<\/div>\n\t\t<\/div>\n\t\t\t\t\t<\/div>\n\t\t<\/section>\n\t\t\t\t<section class=\"elementor-section elementor-top-section elementor-element elementor-element-ba89582 elementor-section-boxed elementor-section-height-default elementor-section-height-default\" data-id=\"ba89582\" data-element_type=\"section\" data-settings=\"{&quot;background_background&quot;:&quot;classic&quot;}\">\n\t\t\t\t\t\t<div class=\"elementor-container elementor-column-gap-no\">\n\t\t\t\t\t<div class=\"aux-parallax-section elementor-column elementor-col-100 elementor-top-column elementor-element elementor-element-135041b\" data-id=\"135041b\" data-element_type=\"column\">\n\t\t\t<div class=\"elementor-widget-wrap elementor-element-populated\">\n\t\t\t\t\t\t<div class=\"elementor-element elementor-element-808b9dd aux-appear-watch-animation aux-scale-down elementor-widget elementor-widget-text-editor\" data-id=\"808b9dd\" data-element_type=\"widget\" data-widget_type=\"text-editor.default\">\n\t\t\t\t<div class=\"elementor-widget-container\">\n\t\t\t\t\t\t\t<p>En el contexto de lo dispuesto en la Ley N\u00b021.516, de Presupuestos del Sector P\u00fablico correspondiente al a\u00f1o 2023 que, en su art\u00edculo 23 letra D, deja a disposici\u00f3n los documentos requeridos: Convenio, Memoria Anual y EEFF.<\/p>\t\t\t\t\t\t<\/div>\n\t\t\t\t<\/div>\n\t\t\t\t<section class=\"elementor-section elementor-inner-section elementor-element elementor-element-3aedac1 elementor-section-boxed elementor-section-height-default elementor-section-height-default\" data-id=\"3aedac1\" data-element_type=\"section\">\n\t\t\t\t\t\t<div class=\"elementor-container elementor-column-gap-default\">\n\t\t\t\t\t<div class=\"aux-parallax-section elementor-column elementor-col-33 elementor-inner-column elementor-element elementor-element-3492caa\" data-id=\"3492caa\" data-element_type=\"column\">\n\t\t\t<div class=\"elementor-widget-wrap elementor-element-populated\">\n\t\t\t\t\t\t<div class=\"elementor-element elementor-element-9f5e00d aux-appear-watch-animation aux-scale-down elementor-widget elementor-widget-aux_button\" data-id=\"9f5e00d\" data-element_type=\"widget\" data-widget_type=\"aux_button.default\">\n\t\t\t\t<div class=\"elementor-widget-container\">\n\t\t\t<a  href=\"https:\/\/ticier.cl\/tdc\/wp-content\/uploads\/2024\/09\/CONVENIO-PROYECTO-23CVI2-251759.pdf\" target=\"_blank\"   class=\"aux-button aux-large aux-carmine-pink aux-curve aux-none aux-uppercase\" ><span class=\"aux-overlay\"><\/span><span class=\"aux-text\">Convenio Corfo<\/span><span class=\"aux-icon fas fa-file-pdf\"><\/span><\/a>\t\t<\/div>\n\t\t\t\t<\/div>\n\t\t\t\t\t<\/div>\n\t\t<\/div>\n\t\t\t\t<div class=\"aux-parallax-section elementor-column elementor-col-33 elementor-inner-column elementor-element elementor-element-7eef899\" data-id=\"7eef899\" data-element_type=\"column\">\n\t\t\t<div class=\"elementor-widget-wrap elementor-element-populated\">\n\t\t\t\t\t\t<div class=\"elementor-element elementor-element-fb51008 aux-appear-watch-animation aux-scale-down elementor-widget elementor-widget-aux_button\" data-id=\"fb51008\" data-element_type=\"widget\" data-widget_type=\"aux_button.default\">\n\t\t\t\t<div class=\"elementor-widget-container\">\n\t\t\t<a  href=\"https:\/\/ticier.cl\/tdc\/wp-content\/uploads\/2024\/09\/BalanceTDCC_2022.pdf\" target=\"_blank\"   class=\"aux-button aux-large aux-carmine-pink aux-curve aux-none aux-uppercase\" ><span class=\"aux-overlay\"><\/span><span class=\"aux-text\">Balance<\/span><span class=\"aux-icon fas fa-file-pdf\"><\/span><\/a>\t\t<\/div>\n\t\t\t\t<\/div>\n\t\t\t\t\t<\/div>\n\t\t<\/div>\n\t\t\t\t<div class=\"aux-parallax-section elementor-column elementor-col-33 elementor-inner-column elementor-element elementor-element-563da92\" data-id=\"563da92\" data-element_type=\"column\">\n\t\t\t<div class=\"elementor-widget-wrap elementor-element-populated\">\n\t\t\t\t\t\t<div class=\"elementor-element elementor-element-7d3464f aux-appear-watch-animation aux-scale-down elementor-widget elementor-widget-aux_button\" data-id=\"7d3464f\" data-element_type=\"widget\" data-widget_type=\"aux_button.default\">\n\t\t\t\t<div class=\"elementor-widget-container\">\n\t\t\t<a  href=\"https:\/\/ticier.cl\/tdc\/wp-content\/uploads\/2024\/09\/Memoria-Anual-TDCC-2022.pdf\" target=\"_blank\"   class=\"aux-button aux-large aux-carmine-pink aux-curve aux-none aux-uppercase\" ><span class=\"aux-overlay\"><\/span><span class=\"aux-text\">Memoria Anual<\/span><span class=\"aux-icon fas fa-file-pdf\"><\/span><\/a>\t\t<\/div>\n\t\t\t\t<\/div>\n\t\t\t\t\t<\/div>\n\t\t<\/div>\n\t\t\t\t\t<\/div>\n\t\t<\/section>\n\t\t\t\t\t<\/div>\n\t\t<\/div>\n\t\t\t\t\t<\/div>\n\t\t<\/section>\n\t\t\t\t<\/div>","protected":false},"excerpt":{"rendered":"<p>Tecnolog\u00edas del Conocimiento Capacitaci\u00f3n S.A. Convenio CORFO Proyecto Reverso: Plataforma multiusuario y multientornos para experiencia de Realidad Virtual C\u00f3digo 23CVI2-251759 En el contexto de lo dispuesto en la Ley N\u00b021.516, de Presupuestos del Sector P\u00fablico correspondiente al a\u00f1o 2023 que, en su art\u00edculo 23 letra D, deja a disposici\u00f3n los documentos requeridos: Convenio, Memoria Anual [&hellip;]<\/p>","protected":false},"author":1,"featured_media":0,"parent":0,"menu_order":0,"comment_status":"closed","ping_status":"closed","template":"","meta":{"footnotes":""},"class_list":["post-829","page","type-page","status-publish","hentry"],"_links":{"self":[{"href":"https:\/\/www.tdcla.com\/pt\/wp-json\/wp\/v2\/pages\/829"}],"collection":[{"href":"https:\/\/www.tdcla.com\/pt\/wp-json\/wp\/v2\/pages"}],"about":[{"href":"https:\/\/www.tdcla.com\/pt\/wp-json\/wp\/v2\/types\/page"}],"author":[{"embeddable":true,"href":"https:\/\/www.tdcla.com\/pt\/wp-json\/wp\/v2\/users\/1"}],"replies":[{"embeddable":true,"href":"https:\/\/www.tdcla.com\/pt\/wp-json\/wp\/v2\/comments?post=829"}],"version-history":[{"count":9,"href":"https:\/\/www.tdcla.com\/pt\/wp-json\/wp\/v2\/pages\/829\/revisions"}],"predecessor-version":[{"id":848,"href":"https:\/\/www.tdcla.com\/pt\/wp-json\/wp\/v2\/pages\/829\/revisions\/848"}],"wp:attachment":[{"href":"https:\/\/www.tdcla.com\/pt\/wp-json\/wp\/v2\/media?parent=829"}],"curies":[{"name":"wp","href":"https:\/\/api.w.org\/{rel}","templated":true}]}}